{"id":583,"date":"2020-09-17T14:33:27","date_gmt":"2020-09-17T13:33:27","guid":{"rendered":"https:\/\/www.gymnasium-brandis.de\/wp\/?page_id=583"},"modified":"2024-09-05T13:11:00","modified_gmt":"2024-09-05T12:11:00","slug":"schulsozialarbeit","status":"publish","type":"page","link":"https:\/\/www.gymnasium-brandis.de\/wp\/?page_id=583","title":{"rendered":"Schulsozialarbeit"},"content":{"rendered":"\n<p><\/p>\n\n\n\n<p>Schulsozialarbeit ist ein eigenst\u00e4ndiges Angebot der Jugendhilfe gem. \u00a713a SGBVIII. Oberstes Prinzip der Arbeit ist die Freiwilligkeit unter Ber\u00fccksichtigung der Schweigepflicht und dem Schutz personenbezogener Daten.<\/p>\n\n\n\n<p>Die Schulsozialarbeit am Gymnasium Brandis bietet Sch\u00fclerinnen und Sch\u00fclern, Eltern und Sorgeberechtigten und Lehrerinnen und Lehrern <strong>Hilfe<\/strong>, <strong>Beratung<\/strong> und <strong>Unterst\u00fctzung<\/strong> in schwierigen Schul- und Lebenssituationen.<\/p>\n\n\n\n<p><strong>Angebote im \u00dcberblick:&nbsp;&nbsp;&nbsp;&nbsp; <\/strong><\/p>\n\n\n\n<ul class=\"wp-block-list\">\n<li>Freiwillige Gespr\u00e4chs- und Beratungsangebote f\u00fcr Sch\u00fclerinnen und Sch\u00fcler, Eltern und     Sorgeberechtigte, Lehrerinnen und Lehrer<\/li>\n\n\n\n<li>Zusammenarbeit mit und Weitervermittlung an andere Institutionen (Jugendamt, Beratungsstellen, <br>               etc.)<\/li>\n\n\n\n<li>Sozialp\u00e4dagogische Gruppenarbeit<\/li>\n\n\n\n<li>Organisation und Mitgestaltung von Projekttagen mit thematischem Schwerpunkt der Pr\u00e4vention<\/li>\n\n\n\n<li>Unterst\u00fctzung des Sch\u00fclerrates<\/li>\n\n\n\n<li>unterst\u00fctzt und f\u00f6rdert Ideen und Aktionen der Sch\u00fclerinnen und Sch\u00fcler sowie Lehrerinnen und Lehrer<\/li>\n<\/ul>\n\n\n\n<p><\/p>\n\n\n\n<p><strong><u>Kontakt<\/u><\/strong><\/p>\n\n\n\n<p>Susanne Rupp<br>Diplom Sozialarbeiterin\/ -p\u00e4dagogin<br>Gymnasium Brandis<br>Schulstra\u00dfe 3, 04821 Brandis<br>Tel:&nbsp;&nbsp; 034292 70824 oder 0157 53410018<br><a href=\"mailto:schulsozialarbeit@gymnasium-brandis.de\">schulsozialarbeit@gymnasium-brandis.de<\/a><\/p>\n\n\n\n<p>Tr\u00e4ger der Schulsozialarbeit<br>AWO \u2013 Familienzentrum gGmbH<br>Stecknadelallee 1<br>04668 Grimma<br><a href=\"http:\/\/www.awo-familienzentrum.org\">www.awo-familienzentrum.org<\/a><\/p>\n\n\n\n<p><strong><u>Kontaktzeiten<\/u><\/strong><\/p>\n\n\n\n<figure class=\"wp-block-table\"><table><tbody><tr><td>Montag<\/td><td>8:00 \u2013 14:30 Uhr<\/td><\/tr><tr><td>Dienstag<\/td><td>7:30 \u2013 14:00 Uhr<\/td><\/tr><tr><td>Mittwoch<\/td><td>8:00 \u2013 14:30 Uhr<\/td><\/tr><tr><td>Donnerstag<\/td><td>7:30 \u2013 14:00 Uhr<\/td><\/tr><tr><td>Freitag<\/td><td>nach Vereinbarung<\/td><\/tr><\/tbody><\/table><\/figure>\n\n\n\n<p><\/p>\n","protected":false},"excerpt":{"rendered":"<p>Schulsozialarbeit ist ein eigenst\u00e4ndiges Angebot der Jugendhilfe gem. \u00a713a SGBVIII. Oberstes Prinzip der Arbeit ist die Freiwilligkeit unter Ber\u00fccksichtigung der Schweigepflicht und dem Schutz personenbezogener Daten. Die Schulsozialarbeit am Gymnasium Brandis bietet Sch\u00fclerinnen und Sch\u00fclern, Eltern und Sorgeberechtigten und Lehrerinnen und Lehrern Hilfe, Beratung und Unterst\u00fctzung in schwierigen Schul- und Lebenssituationen. Angebote im \u00dcberblick:&nbsp;&nbsp;&nbsp;&nbsp; Kontakt <a class=\"more-link\" href=\"https:\/\/www.gymnasium-brandis.de\/wp\/?page_id=583\">weiterlesen&#8230;<\/a><\/p>\n","protected":false},"author":1,"featured_media":0,"parent":0,"menu_order":0,"comment_status":"closed","ping_status":"closed","template":"","meta":{"footnotes":""},"class_list":["post-583","page","type-page","status-publish","hentry"],"_links":{"self":[{"href":"https:\/\/www.gymnasium-brandis.de\/wp\/index.php?rest_route=\/wp\/v2\/pages\/583","targetHints":{"allow":["GET"]}}],"collection":[{"href":"https:\/\/www.gymnasium-brandis.de\/wp\/index.php?rest_route=\/wp\/v2\/pages"}],"about":[{"href":"https:\/\/www.gymnasium-brandis.de\/wp\/index.php?rest_route=\/wp\/v2\/types\/page"}],"author":[{"embeddable":true,"href":"https:\/\/www.gymnasium-brandis.de\/wp\/index.php?rest_route=\/wp\/v2\/users\/1"}],"replies":[{"embeddable":true,"href":"https:\/\/www.gymnasium-brandis.de\/wp\/index.php?rest_route=%2Fwp%2Fv2%2Fcomments&post=583"}],"version-history":[{"count":24,"href":"https:\/\/www.gymnasium-brandis.de\/wp\/index.php?rest_route=\/wp\/v2\/pages\/583\/revisions"}],"predecessor-version":[{"id":1965,"href":"https:\/\/www.gymnasium-brandis.de\/wp\/index.php?rest_route=\/wp\/v2\/pages\/583\/revisions\/1965"}],"wp:attachment":[{"href":"https:\/\/www.gymnasium-brandis.de\/wp\/index.php?rest_route=%2Fwp%2Fv2%2Fmedia&parent=583"}],"curies":[{"name":"wp","href":"https:\/\/api.w.org\/{rel}","templated":true}]}}