{"id":404,"date":"2020-05-07T10:46:08","date_gmt":"2020-05-07T09:46:08","guid":{"rendered":"https:\/\/www.gymnasium-brandis.de\/wp\/?page_id=404"},"modified":"2021-11-08T15:46:49","modified_gmt":"2021-11-08T14:46:49","slug":"elternmitwirkung","status":"publish","type":"page","link":"https:\/\/www.gymnasium-brandis.de\/wp\/?page_id=404","title":{"rendered":"Elternmitwirkung"},"content":{"rendered":"\n<p><em>Liebe Besucherin, lieber Besucher,<\/em><br><em>der Elternrat des Gymnasiums Brandis begr\u00fc\u00dft Sie herzlich auf dieser Seite.<\/em><br><em>Hier werden Termine und Informationen, die die Elternarbeit an unserer Schule betreffen, ver\u00f6ffentlicht.<\/em><\/p>\n\n\n\n<p><em>Gern k\u00f6nnen Sie jederzeit mit uns in Kontakt treten, senden Sie uns bitte eine E-Mail an folgende Adresse:<\/em>\u00a0<br><a href=\"mailto:elternrat@gymnasium-brandis.de\">elternrat@gymnasium-brandis.de<\/a><\/p>\n\n\n\n<p><em>\u2026\u2026\u2026\u2026\u2026\u2026\u2026\u2026\u2026\u2026\u2026\u2026\u2026\u2026\u2026<\/em><\/p>\n\n\n\n<p><em>Alle Elternvertreterinnen und Elternvertreter werden gebeten, regelm\u00e4\u00dfig in ihre Postf\u00e4cher auf LernSax zu schauen. Die Kommunikation innerhalb des Elternrates wird demn\u00e4chst komplett auf LernSax verlagert.<\/em><\/p>\n","protected":false},"excerpt":{"rendered":"<p>Liebe Besucherin, lieber Besucher,der Elternrat des Gymnasiums Brandis begr\u00fc\u00dft Sie herzlich auf dieser Seite.Hier werden Termine und Informationen, die die Elternarbeit an unserer Schule betreffen, ver\u00f6ffentlicht. Gern k\u00f6nnen Sie jederzeit mit uns in Kontakt treten, senden Sie uns bitte eine E-Mail an folgende Adresse:\u00a0elternrat@gymnasium-brandis.de \u2026\u2026\u2026\u2026\u2026\u2026\u2026\u2026\u2026\u2026\u2026\u2026\u2026\u2026\u2026 Alle Elternvertreterinnen und Elternvertreter werden gebeten, regelm\u00e4\u00dfig in ihre Postf\u00e4cher <a class=\"more-link\" href=\"https:\/\/www.gymnasium-brandis.de\/wp\/?page_id=404\">weiterlesen&#8230;<\/a><\/p>\n","protected":false},"author":1,"featured_media":0,"parent":0,"menu_order":0,"comment_status":"closed","ping_status":"closed","template":"","meta":{"footnotes":""},"class_list":["post-404","page","type-page","status-publish","hentry"],"_links":{"self":[{"href":"https:\/\/www.gymnasium-brandis.de\/wp\/index.php?rest_route=\/wp\/v2\/pages\/404","targetHints":{"allow":["GET"]}}],"collection":[{"href":"https:\/\/www.gymnasium-brandis.de\/wp\/index.php?rest_route=\/wp\/v2\/pages"}],"about":[{"href":"https:\/\/www.gymnasium-brandis.de\/wp\/index.php?rest_route=\/wp\/v2\/types\/page"}],"author":[{"embeddable":true,"href":"https:\/\/www.gymnasium-brandis.de\/wp\/index.php?rest_route=\/wp\/v2\/users\/1"}],"replies":[{"embeddable":true,"href":"https:\/\/www.gymnasium-brandis.de\/wp\/index.php?rest_route=%2Fwp%2Fv2%2Fcomments&post=404"}],"version-history":[{"count":14,"href":"https:\/\/www.gymnasium-brandis.de\/wp\/index.php?rest_route=\/wp\/v2\/pages\/404\/revisions"}],"predecessor-version":[{"id":1124,"href":"https:\/\/www.gymnasium-brandis.de\/wp\/index.php?rest_route=\/wp\/v2\/pages\/404\/revisions\/1124"}],"wp:attachment":[{"href":"https:\/\/www.gymnasium-brandis.de\/wp\/index.php?rest_route=%2Fwp%2Fv2%2Fmedia&parent=404"}],"curies":[{"name":"wp","href":"https:\/\/api.w.org\/{rel}","templated":true}]}}