{"id":243,"date":"2020-03-03T15:38:32","date_gmt":"2020-03-03T14:38:32","guid":{"rendered":"https:\/\/www.gymnasium-brandis.de\/wp\/?page_id=243"},"modified":"2023-01-25T12:50:19","modified_gmt":"2023-01-25T11:50:19","slug":"berufsorientierung","status":"publish","type":"page","link":"https:\/\/www.gymnasium-brandis.de\/wp\/?page_id=243","title":{"rendered":"Berufsorientierung"},"content":{"rendered":"\n<p>Der Zeitraum der Berufs- und Studienorientierung ist f\u00fcr Jugendliche ein wichtiger Lebensabschnitt. Wir m\u00f6chten die Jugendlichen dabei unterst\u00fctzen. Sie sollen ihre St\u00e4rken und Interessen erkennen, diese weiterentwickeln und praxisnahe Einblicke in Studium und Beruf erhalten. Ziel dabei ist es, die individuelle Entscheidungskompetenz der Jugendlichen und jungen Erwachsenen zu st\u00e4rken und ihnen den \u00dcbergang in eine berufliche Existenz zu erleichtern. Unser Gymnasium arbeitet unter anderem mit der \u201eLandesarbeitsstelle Schule \u2013 Jugendhilfe Sachsen e.V. zusammen.<\/p>\n\n\n<ul class=\"wp-block-latest-posts__list wp-block-latest-posts\"><\/ul>\n\n\n<p><\/p>\n","protected":false},"excerpt":{"rendered":"<p>Der Zeitraum der Berufs- und Studienorientierung ist f\u00fcr Jugendliche ein wichtiger Lebensabschnitt. Wir m\u00f6chten die Jugendlichen dabei unterst\u00fctzen. Sie sollen ihre St\u00e4rken und Interessen erkennen, diese weiterentwickeln und praxisnahe Einblicke in Studium und Beruf erhalten. Ziel dabei ist es, die individuelle Entscheidungskompetenz der Jugendlichen und jungen Erwachsenen zu st\u00e4rken und ihnen den \u00dcbergang in eine <a class=\"more-link\" href=\"https:\/\/www.gymnasium-brandis.de\/wp\/?page_id=243\">weiterlesen&#8230;<\/a><\/p>\n","protected":false},"author":1,"featured_media":0,"parent":0,"menu_order":0,"comment_status":"closed","ping_status":"closed","template":"","meta":{"footnotes":""},"class_list":["post-243","page","type-page","status-publish","hentry"],"_links":{"self":[{"href":"https:\/\/www.gymnasium-brandis.de\/wp\/index.php?rest_route=\/wp\/v2\/pages\/243","targetHints":{"allow":["GET"]}}],"collection":[{"href":"https:\/\/www.gymnasium-brandis.de\/wp\/index.php?rest_route=\/wp\/v2\/pages"}],"about":[{"href":"https:\/\/www.gymnasium-brandis.de\/wp\/index.php?rest_route=\/wp\/v2\/types\/page"}],"author":[{"embeddable":true,"href":"https:\/\/www.gymnasium-brandis.de\/wp\/index.php?rest_route=\/wp\/v2\/users\/1"}],"replies":[{"embeddable":true,"href":"https:\/\/www.gymnasium-brandis.de\/wp\/index.php?rest_route=%2Fwp%2Fv2%2Fcomments&post=243"}],"version-history":[{"count":3,"href":"https:\/\/www.gymnasium-brandis.de\/wp\/index.php?rest_route=\/wp\/v2\/pages\/243\/revisions"}],"predecessor-version":[{"id":1535,"href":"https:\/\/www.gymnasium-brandis.de\/wp\/index.php?rest_route=\/wp\/v2\/pages\/243\/revisions\/1535"}],"wp:attachment":[{"href":"https:\/\/www.gymnasium-brandis.de\/wp\/index.php?rest_route=%2Fwp%2Fv2%2Fmedia&parent=243"}],"curies":[{"name":"wp","href":"https:\/\/api.w.org\/{rel}","templated":true}]}}