{"id":232,"date":"2020-03-03T15:06:08","date_gmt":"2020-03-03T14:06:08","guid":{"rendered":"https:\/\/www.gymnasium-brandis.de\/wp\/?page_id=232"},"modified":"2020-03-03T15:20:55","modified_gmt":"2020-03-03T14:20:55","slug":"sprachzertifikate","status":"publish","type":"page","link":"https:\/\/www.gymnasium-brandis.de\/wp\/?page_id=232","title":{"rendered":"Sprachzertifikate"},"content":{"rendered":"\n<p>Schulunabh\u00e4ngige Nachweise \u00fcber die erworbenen Fremdsprachenkenntnisse erg\u00e4nzen den jeweiligen Schulabschluss und erfreuen sich bei potentiellen Arbeitgebern und weiterf\u00fchrenden Bildungseinrichtungen wachsender Beliebtheit.<\/p>\n\n\n\n<p><br>Die Sprachkompetenz (H\u00f6ren, Lesen, Sprechen, Schreiben) wird in standardisierten Pr\u00fcfungsformaten gepr\u00fcft und kann auf verschiedenen Niveaustufen (A1, A2, B1, B2, C1, C2) erfolgen. Die Pr\u00fcfungsanforderungen orientieren sich am Gemeinsamen Europ\u00e4ischen Referenzrahmen f\u00fcr Sprachen (GER).<\/p>\n\n\n\n<p><br>In enger Zusammenarbeit mit der TELC GmbH und der Volkshochschule des Muldentals k\u00f6nnen wir unseren Sch\u00fclern die M\u00f6glichkeit bieten, sich im Rahmen von Vorbereitungskursen intensiv mit den Pr\u00fcfungsformaten vertraut zumachen und sich gut ger\u00fcstet dieser Herausforderung zu stellen.<\/p>\n\n\n\n<p>Jedes Jahr bereiten sich zahlreiche Sch\u00fcler unseres Gymnasiums insbesondere auf die B1- und B2- Pr\u00fcfungen in Englisch vor.<br>Weitere Informationen zu den&nbsp;erhalten Sie unter:&nbsp;<a href=\"http:\/\/www.telc.net\/\">http:\/\/www.telc.net\/<\/a><\/p>\n\n\n\n<figure class=\"wp-block-image is-resized\"><a href=\"http:\/\/www.telc.net\/\"><img loading=\"lazy\" decoding=\"async\" src=\"https:\/\/www.gymnasium-brandis.de\/con9\/cms\/upload\/telc\/TELC_RGB.svg\" alt=\"TELC LOGO\" width=\"71\" height=\"100\"\/><\/a><\/figure>\n","protected":false},"excerpt":{"rendered":"<p>Schulunabh\u00e4ngige Nachweise \u00fcber die erworbenen Fremdsprachenkenntnisse erg\u00e4nzen den jeweiligen Schulabschluss und erfreuen sich bei potentiellen Arbeitgebern und weiterf\u00fchrenden Bildungseinrichtungen wachsender Beliebtheit. Die Sprachkompetenz (H\u00f6ren, Lesen, Sprechen, Schreiben) wird in standardisierten Pr\u00fcfungsformaten gepr\u00fcft und kann auf verschiedenen Niveaustufen (A1, A2, B1, B2, C1, C2) erfolgen. Die Pr\u00fcfungsanforderungen orientieren sich am Gemeinsamen Europ\u00e4ischen Referenzrahmen f\u00fcr Sprachen (GER). <a class=\"more-link\" href=\"https:\/\/www.gymnasium-brandis.de\/wp\/?page_id=232\">weiterlesen&#8230;<\/a><\/p>\n","protected":false},"author":1,"featured_media":0,"parent":234,"menu_order":0,"comment_status":"closed","ping_status":"closed","template":"","meta":{"footnotes":""},"class_list":["post-232","page","type-page","status-publish","hentry"],"_links":{"self":[{"href":"https:\/\/www.gymnasium-brandis.de\/wp\/index.php?rest_route=\/wp\/v2\/pages\/232","targetHints":{"allow":["GET"]}}],"collection":[{"href":"https:\/\/www.gymnasium-brandis.de\/wp\/index.php?rest_route=\/wp\/v2\/pages"}],"about":[{"href":"https:\/\/www.gymnasium-brandis.de\/wp\/index.php?rest_route=\/wp\/v2\/types\/page"}],"author":[{"embeddable":true,"href":"https:\/\/www.gymnasium-brandis.de\/wp\/index.php?rest_route=\/wp\/v2\/users\/1"}],"replies":[{"embeddable":true,"href":"https:\/\/www.gymnasium-brandis.de\/wp\/index.php?rest_route=%2Fwp%2Fv2%2Fcomments&post=232"}],"version-history":[{"count":1,"href":"https:\/\/www.gymnasium-brandis.de\/wp\/index.php?rest_route=\/wp\/v2\/pages\/232\/revisions"}],"predecessor-version":[{"id":233,"href":"https:\/\/www.gymnasium-brandis.de\/wp\/index.php?rest_route=\/wp\/v2\/pages\/232\/revisions\/233"}],"up":[{"embeddable":true,"href":"https:\/\/www.gymnasium-brandis.de\/wp\/index.php?rest_route=\/wp\/v2\/pages\/234"}],"wp:attachment":[{"href":"https:\/\/www.gymnasium-brandis.de\/wp\/index.php?rest_route=%2Fwp%2Fv2%2Fmedia&parent=232"}],"curies":[{"name":"wp","href":"https:\/\/api.w.org\/{rel}","templated":true}]}}