{"id":224,"date":"2020-03-03T15:01:16","date_gmt":"2020-03-03T14:01:16","guid":{"rendered":"https:\/\/www.gymnasium-brandis.de\/wp\/?page_id=224"},"modified":"2021-08-17T10:44:30","modified_gmt":"2021-08-17T09:44:30","slug":"hausaufgaben","status":"publish","type":"page","link":"https:\/\/www.gymnasium-brandis.de\/wp\/?page_id=224","title":{"rendered":"Hausaufgabenbetreuung"},"content":{"rendered":"\n<h5 class=\"wp-block-heading\">Hausaufgaben erg\u00e4nzen den Unterricht und unterst\u00fctzen den Lernprozess der Sch\u00fclerinnen und Sch\u00fcler.<\/h5>\n\n\n\n<p>Ziele von Hausaufgaben:<\/p>\n\n\n\n<ul class=\"wp-block-list\"><li>sinnvolle Verkn\u00fcpfung von schulischen und au\u00dferschulischen Lernen<\/li><li>einfache Festigung von Wissen und K\u00f6nnen<\/li><li>Erweiterung von Wissen<\/li><li>Systematisierung von Wissen und K\u00f6nnen<\/li><li>Anwendung von Wissen und K\u00f6nnen an gegebenen Beispielen und in bestimmen Situationen<\/li><li>Hinf\u00fchrung auf einen neuen Unterrichtsinhalt<\/li><\/ul>\n\n\n\n<p>Hausaufgaben k\u00f6nnen im Schulhaus 1 Zimmer K4 erledigt werden.<\/p>\n\n\n\n<p>Hier besteht die M\u00f6glichkeit, sich mit anderen Sch\u00fclern auszutauschen, die Computer und die kleine Bibliothek zu nutzen.<\/p>\n","protected":false},"excerpt":{"rendered":"<p>Hausaufgaben erg\u00e4nzen den Unterricht und unterst\u00fctzen den Lernprozess der Sch\u00fclerinnen und Sch\u00fcler. Ziele von Hausaufgaben: sinnvolle Verkn\u00fcpfung von schulischen und au\u00dferschulischen Lernen einfache Festigung von Wissen und K\u00f6nnen Erweiterung von Wissen Systematisierung von Wissen und K\u00f6nnen Anwendung von Wissen und K\u00f6nnen an gegebenen Beispielen und in bestimmen Situationen Hinf\u00fchrung auf einen neuen Unterrichtsinhalt Hausaufgaben k\u00f6nnen <a class=\"more-link\" href=\"https:\/\/www.gymnasium-brandis.de\/wp\/?page_id=224\">weiterlesen&#8230;<\/a><\/p>\n","protected":false},"author":1,"featured_media":0,"parent":0,"menu_order":0,"comment_status":"closed","ping_status":"closed","template":"","meta":{"footnotes":""},"class_list":["post-224","page","type-page","status-publish","hentry"],"_links":{"self":[{"href":"https:\/\/www.gymnasium-brandis.de\/wp\/index.php?rest_route=\/wp\/v2\/pages\/224","targetHints":{"allow":["GET"]}}],"collection":[{"href":"https:\/\/www.gymnasium-brandis.de\/wp\/index.php?rest_route=\/wp\/v2\/pages"}],"about":[{"href":"https:\/\/www.gymnasium-brandis.de\/wp\/index.php?rest_route=\/wp\/v2\/types\/page"}],"author":[{"embeddable":true,"href":"https:\/\/www.gymnasium-brandis.de\/wp\/index.php?rest_route=\/wp\/v2\/users\/1"}],"replies":[{"embeddable":true,"href":"https:\/\/www.gymnasium-brandis.de\/wp\/index.php?rest_route=%2Fwp%2Fv2%2Fcomments&post=224"}],"version-history":[{"count":3,"href":"https:\/\/www.gymnasium-brandis.de\/wp\/index.php?rest_route=\/wp\/v2\/pages\/224\/revisions"}],"predecessor-version":[{"id":1016,"href":"https:\/\/www.gymnasium-brandis.de\/wp\/index.php?rest_route=\/wp\/v2\/pages\/224\/revisions\/1016"}],"wp:attachment":[{"href":"https:\/\/www.gymnasium-brandis.de\/wp\/index.php?rest_route=%2Fwp%2Fv2%2Fmedia&parent=224"}],"curies":[{"name":"wp","href":"https:\/\/api.w.org\/{rel}","templated":true}]}}