{"id":220,"date":"2020-03-03T14:59:08","date_gmt":"2020-03-03T13:59:08","guid":{"rendered":"https:\/\/www.gymnasium-brandis.de\/wp\/?page_id=220"},"modified":"2023-01-25T12:46:47","modified_gmt":"2023-01-25T11:46:47","slug":"foerderunterricht","status":"publish","type":"page","link":"https:\/\/www.gymnasium-brandis.de\/wp\/?page_id=220","title":{"rendered":"F\u00f6rderunterricht"},"content":{"rendered":"\n<h5 class=\"wp-block-heading\">F\u00f6rderunterricht dient der F\u00f6rderung besonderer Begabung und der Behebung von Lerndefiziten.<\/h5>\n\n\n\n<p>F\u00f6rderunterricht findet in der Klassenstufe 5 in den F\u00e4chern Mathematik, Deutsch und Englisch an unserem Gymnasium statt.<br>Weitere F\u00f6rderangebote finden Sie auch im Ganztagsangebot<\/p>\n","protected":false},"excerpt":{"rendered":"<p>F\u00f6rderunterricht dient der F\u00f6rderung besonderer Begabung und der Behebung von Lerndefiziten. F\u00f6rderunterricht findet in der Klassenstufe 5 in den F\u00e4chern Mathematik, Deutsch und Englisch an unserem Gymnasium statt.Weitere F\u00f6rderangebote finden Sie auch im Ganztagsangebot<\/p>\n","protected":false},"author":1,"featured_media":0,"parent":0,"menu_order":0,"comment_status":"closed","ping_status":"closed","template":"","meta":{"footnotes":""},"class_list":["post-220","page","type-page","status-publish","hentry"],"_links":{"self":[{"href":"https:\/\/www.gymnasium-brandis.de\/wp\/index.php?rest_route=\/wp\/v2\/pages\/220","targetHints":{"allow":["GET"]}}],"collection":[{"href":"https:\/\/www.gymnasium-brandis.de\/wp\/index.php?rest_route=\/wp\/v2\/pages"}],"about":[{"href":"https:\/\/www.gymnasium-brandis.de\/wp\/index.php?rest_route=\/wp\/v2\/types\/page"}],"author":[{"embeddable":true,"href":"https:\/\/www.gymnasium-brandis.de\/wp\/index.php?rest_route=\/wp\/v2\/users\/1"}],"replies":[{"embeddable":true,"href":"https:\/\/www.gymnasium-brandis.de\/wp\/index.php?rest_route=%2Fwp%2Fv2%2Fcomments&post=220"}],"version-history":[{"count":2,"href":"https:\/\/www.gymnasium-brandis.de\/wp\/index.php?rest_route=\/wp\/v2\/pages\/220\/revisions"}],"predecessor-version":[{"id":1531,"href":"https:\/\/www.gymnasium-brandis.de\/wp\/index.php?rest_route=\/wp\/v2\/pages\/220\/revisions\/1531"}],"wp:attachment":[{"href":"https:\/\/www.gymnasium-brandis.de\/wp\/index.php?rest_route=%2Fwp%2Fv2%2Fmedia&parent=220"}],"curies":[{"name":"wp","href":"https:\/\/api.w.org\/{rel}","templated":true}]}}