{"id":22,"date":"2020-02-03T12:56:07","date_gmt":"2020-02-03T12:56:07","guid":{"rendered":"http:\/\/test.gymnasium-brandis.de\/?page_id=22"},"modified":"2020-05-18T11:39:56","modified_gmt":"2020-05-18T10:39:56","slug":"impressum","status":"publish","type":"page","link":"https:\/\/www.gymnasium-brandis.de\/wp\/?page_id=22","title":{"rendered":"Impressum"},"content":{"rendered":"\n<div class=\"wp-block-image\"><figure class=\"aligncenter size-large\"><img loading=\"lazy\" decoding=\"async\" width=\"373\" height=\"277\" src=\"https:\/\/test.gymnasium-brandis.de\/wp-content\/uploads\/2020\/02\/hauptstelle2.png\" alt=\"\" class=\"wp-image-23\" srcset=\"https:\/\/www.gymnasium-brandis.de\/wp\/wp-content\/uploads\/2020\/02\/hauptstelle2.png 373w, https:\/\/www.gymnasium-brandis.de\/wp\/wp-content\/uploads\/2020\/02\/hauptstelle2-300x223.png 300w\" sizes=\"auto, (max-width: 373px) 100vw, 373px\" \/><\/figure><\/div>\n\n\n\n<figure class=\"wp-block-table\"><table><tbody><tr><td><strong>Schulimpressum von:<\/strong><\/td><td>Gymnasium Brandis<\/td><\/tr><tr><td><strong>Schulleitung:<\/strong><\/td><td>Frau Kirsten<br><br>Schulstra\u00dfe 3<br>04821 Brandis<br>Telefon: 034292\/70810<br>Telefax: 034292\/70819<br>E-Mail: sekretariat@gymnasium-brandis.de<\/td><\/tr><tr><td><strong>Schultr\u00e4ger<br>(Diensteanbieter im Sinne des RStV\/TMG):<\/strong><\/td><td>Stadtverwaltung Brandis<br>vertreten durch: B\u00fcrgermeister Herr Jesse, Arno<br>Markt 3<br>04821 Brandis&nbsp;<br>Telefon: 034292\/6550<br>Telefax: 034292\/65528<br>E-Mail: verwaltung@stadt-brandis.de<\/td><\/tr><tr><td><strong>Zust\u00e4ndige Aufsichtsbeh\u00f6rde:<\/strong><\/td><td>Freistaat Sachsen<br>S\u00e4chsisches Staatsministerium f\u00fcr Kultus<br>Postfach 10 09 10<br>01076 Dresden<br>Telefon: 0351 564-0<br>E-Mail: poststelle@smk.sachsen.de<\/td><\/tr><tr><td><\/td><td>Bei Beschwerden, Hinweisen und Anregungen wenden Sie sich bitte zun\u00e4chst an den Verantwortlichen f\u00fcr die Webseite.<\/td><\/tr><tr><td><strong>Verantwortlicher f\u00fcr journalistische Inhalte i.S.d. \u00a7 55 Abs. 2 RStV:<\/strong><\/td><td>Frau S. Kirsten<\/td><\/tr><tr><td><strong>technische Realisierung<\/strong><\/td><td>Oliver Kiss <br><a rel=\"noreferrer noopener\" href=\"https:\/\/makerspace-partheland.de\/\" target=\"_blank\">Makerspace<\/a>&#8211;<br><a rel=\"noreferrer noopener\" href=\"https:\/\/makerspace-partheland.de\/\" target=\"_blank\">Partheland<\/a><\/td><\/tr><\/tbody><\/table><\/figure>\n","protected":false},"excerpt":{"rendered":"<p>Schulimpressum von: Gymnasium Brandis Schulleitung: Frau Kirsten Schulstra\u00dfe 304821 BrandisTelefon: 034292\/70810Telefax: 034292\/70819E-Mail: sekretariat@gymnasium-brandis.de Schultr\u00e4ger(Diensteanbieter im Sinne des RStV\/TMG): Stadtverwaltung Brandisvertreten durch: B\u00fcrgermeister Herr Jesse, ArnoMarkt 304821 Brandis&nbsp;Telefon: 034292\/6550Telefax: 034292\/65528E-Mail: verwaltung@stadt-brandis.de Zust\u00e4ndige Aufsichtsbeh\u00f6rde: Freistaat SachsenS\u00e4chsisches Staatsministerium f\u00fcr KultusPostfach 10 09 1001076 DresdenTelefon: 0351 564-0E-Mail: poststelle@smk.sachsen.de Bei Beschwerden, Hinweisen und Anregungen wenden Sie sich bitte zun\u00e4chst an <a class=\"more-link\" href=\"https:\/\/www.gymnasium-brandis.de\/wp\/?page_id=22\">weiterlesen&#8230;<\/a><\/p>\n","protected":false},"author":1,"featured_media":0,"parent":0,"menu_order":0,"comment_status":"closed","ping_status":"closed","template":"","meta":{"footnotes":""},"class_list":["post-22","page","type-page","status-publish","hentry"],"_links":{"self":[{"href":"https:\/\/www.gymnasium-brandis.de\/wp\/index.php?rest_route=\/wp\/v2\/pages\/22","targetHints":{"allow":["GET"]}}],"collection":[{"href":"https:\/\/www.gymnasium-brandis.de\/wp\/index.php?rest_route=\/wp\/v2\/pages"}],"about":[{"href":"https:\/\/www.gymnasium-brandis.de\/wp\/index.php?rest_route=\/wp\/v2\/types\/page"}],"author":[{"embeddable":true,"href":"https:\/\/www.gymnasium-brandis.de\/wp\/index.php?rest_route=\/wp\/v2\/users\/1"}],"replies":[{"embeddable":true,"href":"https:\/\/www.gymnasium-brandis.de\/wp\/index.php?rest_route=%2Fwp%2Fv2%2Fcomments&post=22"}],"version-history":[{"count":4,"href":"https:\/\/www.gymnasium-brandis.de\/wp\/index.php?rest_route=\/wp\/v2\/pages\/22\/revisions"}],"predecessor-version":[{"id":475,"href":"https:\/\/www.gymnasium-brandis.de\/wp\/index.php?rest_route=\/wp\/v2\/pages\/22\/revisions\/475"}],"wp:attachment":[{"href":"https:\/\/www.gymnasium-brandis.de\/wp\/index.php?rest_route=%2Fwp%2Fv2%2Fmedia&parent=22"}],"curies":[{"name":"wp","href":"https:\/\/api.w.org\/{rel}","templated":true}]}}