{"id":217,"date":"2020-03-03T14:57:38","date_gmt":"2020-03-03T13:57:38","guid":{"rendered":"https:\/\/www.gymnasium-brandis.de\/wp\/?page_id=217"},"modified":"2020-09-17T14:28:54","modified_gmt":"2020-09-17T13:28:54","slug":"blockunterricht","status":"publish","type":"page","link":"https:\/\/www.gymnasium-brandis.de\/wp\/?page_id=217","title":{"rendered":"Blockunterricht"},"content":{"rendered":"\n<h5 class=\"wp-block-heading\">Unser Tagesablauf unterliegt einer Struktur, die von bestimmten Faktoren abh\u00e4ngig ist. Das ist im Schulalltag nicht anders. Der Schulrhythmus bestimmt wesentlich den Lehr-\/Lernvorgang in der Schule. Die Sch\u00fcler lernen 90 Minuten in einem Block.<\/h5>\n\n\n\n<hr class=\"wp-block-separator\"\/>\n\n\n\n<h4 class=\"wp-block-heading\">Vorteile:<\/h4>\n\n\n\n<p><strong>Anzahl der F\u00e4cher, die an einem Tag unterrichtet werden, reduziert sich<\/strong><\/p>\n\n\n\n<ul class=\"wp-block-list\"><li> gezieltere Vorbereitung m\u00f6glich<\/li><li> weniger Arbeitsmaterialien werden ben\u00f6tigt<\/li><\/ul>\n\n\n\n<p><strong>l\u00e4ngere Unterrichtseinheiten<\/strong><\/p>\n\n\n\n<ul class=\"wp-block-list\"><li> Zeiteinteilung gestaltet sich flexibler<\/li><\/ul>\n\n\n\n<p><strong>&nbsp;Phasen von Konzentration und Entspannung k\u00f6nnen je nach&nbsp; Klassensituation individueller gestaltet werden<\/strong><\/p>\n\n\n\n<ul class=\"wp-block-list\"><li> \u00dcbung im Zeitmanagement<\/li><li> Entwicklung von individuellen Lernstrategien<\/li><\/ul>\n\n\n\n<p><strong>Wechsel von unterschiedlichen Lehr- und Lernformen,<\/strong><br><strong>m\u00f6gliche offene Formen wie z.B.<\/strong><\/p>\n\n\n\n<ul class=\"wp-block-list\"><li> Stationenlernen<\/li><li> umfangreichere Experimente<\/li><\/ul>\n","protected":false},"excerpt":{"rendered":"<p>Unser Tagesablauf unterliegt einer Struktur, die von bestimmten Faktoren abh\u00e4ngig ist. Das ist im Schulalltag nicht anders. Der Schulrhythmus bestimmt wesentlich den Lehr-\/Lernvorgang in der Schule. Die Sch\u00fcler lernen 90 Minuten in einem Block. Vorteile: Anzahl der F\u00e4cher, die an einem Tag unterrichtet werden, reduziert sich gezieltere Vorbereitung m\u00f6glich weniger Arbeitsmaterialien werden ben\u00f6tigt l\u00e4ngere Unterrichtseinheiten <a class=\"more-link\" href=\"https:\/\/www.gymnasium-brandis.de\/wp\/?page_id=217\">weiterlesen&#8230;<\/a><\/p>\n","protected":false},"author":1,"featured_media":0,"parent":0,"menu_order":0,"comment_status":"closed","ping_status":"closed","template":"","meta":{"footnotes":""},"class_list":["post-217","page","type-page","status-publish","hentry"],"_links":{"self":[{"href":"https:\/\/www.gymnasium-brandis.de\/wp\/index.php?rest_route=\/wp\/v2\/pages\/217","targetHints":{"allow":["GET"]}}],"collection":[{"href":"https:\/\/www.gymnasium-brandis.de\/wp\/index.php?rest_route=\/wp\/v2\/pages"}],"about":[{"href":"https:\/\/www.gymnasium-brandis.de\/wp\/index.php?rest_route=\/wp\/v2\/types\/page"}],"author":[{"embeddable":true,"href":"https:\/\/www.gymnasium-brandis.de\/wp\/index.php?rest_route=\/wp\/v2\/users\/1"}],"replies":[{"embeddable":true,"href":"https:\/\/www.gymnasium-brandis.de\/wp\/index.php?rest_route=%2Fwp%2Fv2%2Fcomments&post=217"}],"version-history":[{"count":3,"href":"https:\/\/www.gymnasium-brandis.de\/wp\/index.php?rest_route=\/wp\/v2\/pages\/217\/revisions"}],"predecessor-version":[{"id":584,"href":"https:\/\/www.gymnasium-brandis.de\/wp\/index.php?rest_route=\/wp\/v2\/pages\/217\/revisions\/584"}],"wp:attachment":[{"href":"https:\/\/www.gymnasium-brandis.de\/wp\/index.php?rest_route=%2Fwp%2Fv2%2Fmedia&parent=217"}],"curies":[{"name":"wp","href":"https:\/\/api.w.org\/{rel}","templated":true}]}}