{"id":1480,"date":"2022-12-07T12:56:22","date_gmt":"2022-12-07T11:56:22","guid":{"rendered":"https:\/\/www.gymnasium-brandis.de\/wp\/?page_id=1480"},"modified":"2025-08-15T11:33:53","modified_gmt":"2025-08-15T10:33:53","slug":"digitales-notenbuch","status":"publish","type":"page","link":"https:\/\/www.gymnasium-brandis.de\/wp\/?page_id=1480","title":{"rendered":"Digitales Notenbuch"},"content":{"rendered":"\n<p><\/p>\n\n\n\n<p>Am Gymnasium Brandis wird das digitale Notenbuch fuxNoten verwendet. Die erteilten Noten werden von den Lehrenden monatlich aktualisiert, sodass die Eltern \u00fcber den Elternzugang den Notenstand einsehen k\u00f6nnen.<br><br>Das <strong>fuxNoten-Elternportal<\/strong> des Gymnasium Brandis k\u00f6nnen Sie \u00fcber den bekannten Link aufrufen: <a href=\"https:\/\/100471.fuxnoten.online\/webinfo\" target=\"_blank\" rel=\"noreferrer noopener\">https:\/\/100471.fuxnoten.online\/webinfo<\/a><br><br><\/p>\n","protected":false},"excerpt":{"rendered":"<p>Am Gymnasium Brandis wird das digitale Notenbuch fuxNoten verwendet. Die erteilten Noten werden von den Lehrenden monatlich aktualisiert, sodass die Eltern \u00fcber den Elternzugang den Notenstand einsehen k\u00f6nnen. Das fuxNoten-Elternportal des Gymnasium Brandis k\u00f6nnen Sie \u00fcber den bekannten Link aufrufen: https:\/\/100471.fuxnoten.online\/webinfo<\/p>\n","protected":false},"author":1,"featured_media":0,"parent":0,"menu_order":0,"comment_status":"closed","ping_status":"closed","template":"","meta":{"footnotes":""},"class_list":["post-1480","page","type-page","status-publish","hentry"],"_links":{"self":[{"href":"https:\/\/www.gymnasium-brandis.de\/wp\/index.php?rest_route=\/wp\/v2\/pages\/1480","targetHints":{"allow":["GET"]}}],"collection":[{"href":"https:\/\/www.gymnasium-brandis.de\/wp\/index.php?rest_route=\/wp\/v2\/pages"}],"about":[{"href":"https:\/\/www.gymnasium-brandis.de\/wp\/index.php?rest_route=\/wp\/v2\/types\/page"}],"author":[{"embeddable":true,"href":"https:\/\/www.gymnasium-brandis.de\/wp\/index.php?rest_route=\/wp\/v2\/users\/1"}],"replies":[{"embeddable":true,"href":"https:\/\/www.gymnasium-brandis.de\/wp\/index.php?rest_route=%2Fwp%2Fv2%2Fcomments&post=1480"}],"version-history":[{"count":2,"href":"https:\/\/www.gymnasium-brandis.de\/wp\/index.php?rest_route=\/wp\/v2\/pages\/1480\/revisions"}],"predecessor-version":[{"id":2200,"href":"https:\/\/www.gymnasium-brandis.de\/wp\/index.php?rest_route=\/wp\/v2\/pages\/1480\/revisions\/2200"}],"wp:attachment":[{"href":"https:\/\/www.gymnasium-brandis.de\/wp\/index.php?rest_route=%2Fwp%2Fv2%2Fmedia&parent=1480"}],"curies":[{"name":"wp","href":"https:\/\/api.w.org\/{rel}","templated":true}]}}